{"id":735,"date":"2011-06-23T18:39:14","date_gmt":"2011-06-23T16:39:14","guid":{"rendered":"https:\/\/wpthemetestdata.wordpress.com\/?page_id=735"},"modified":"2023-06-28T12:29:34","modified_gmt":"2023-06-28T10:29:34","slug":"promotions","status":"publish","type":"page","link":"https:\/\/selectiva.estate\/es\/promotions\/","title":{"rendered":"Promociones"},"content":{"rendered":"<div class=\"wp-block-group custom-section is-layout-constrained wp-container-core-group-is-layout-6b04494e wp-block-group-is-layout-constrained\">\n<h2 class=\"wp-block-heading has-text-align-center\" id=\"promociones\">Promociones<\/h2>\n\n\n\n<p class=\"has-text-align-center\" style=\"font-size:22px\">Empezando con una idea, imaginando un hogar que combine la uni\u00f3n familiar con calidades premium, implementando las \u00faltimas innovaciones para construir tu nueva propiedad, Selectiva Costa te proporcionar\u00e1 todo el apoyo que necesitas durante cada una de las fases de tus proyectos inmobiliarios personales o profesionales.<\/p>\n<\/div>\n\n\n\n<div class=\"wp-block-group custom-section is-layout-flow wp-block-group-is-layout-flow\">\n<h2 class=\"wp-block-heading has-text-align-center\" id=\"servicios\">Servicios<\/h2>\n\n\n\n<h3 class=\"wp-block-heading has-text-align-center\" id=\"area-de-promotora\">\u00c1REA DE PROMOTORA<\/h3>\n\n\n\n<div class=\"wp-block-columns square-services mobile-full-width is-layout-flex wp-container-core-columns-is-layout-9d6595d7 wp-block-columns-is-layout-flex\">\n<div class=\"wp-block-column has-light-color has-text-color has-background is-layout-flow wp-block-column-is-layout-flow\" style=\"background-color:#383838\">\n<figure class=\"wp-block-image size-full\"><img loading=\"lazy\" decoding=\"async\" width=\"545\" height=\"425\" src=\"https:\/\/selectiva.estate\/wp-content\/uploads\/2022\/01\/1.png\" alt=\"\" class=\"wp-image-5842\" srcset=\"https:\/\/selectiva.estate\/wp-content\/uploads\/2022\/01\/1.png 545w, https:\/\/selectiva.estate\/wp-content\/uploads\/2022\/01\/1-300x234.png 300w\" sizes=\"auto, (max-width: 545px) 100vw, 545px\" \/><\/figure>\n\n\n\n<h4 class=\"wp-block-heading has-text-align-center has-light-color has-text-color\" id=\"compra\">COMPRA<\/h4>\n\n\n\n<p class=\"has-text-align-center\">Adquirimos las parcelas m\u00e1s singulares con el fin de desarrollar proyectos excepcionales en la Costa del Sol<\/p>\n<\/div>\n\n\n\n<div class=\"wp-block-column has-light-color has-text-color has-background is-layout-flow wp-block-column-is-layout-flow\" style=\"background-color:#383838\">\n<figure class=\"wp-block-image size-full mobile-full-width\"><img loading=\"lazy\" decoding=\"async\" width=\"545\" height=\"425\" src=\"https:\/\/selectiva.estate\/wp-content\/uploads\/2022\/01\/2.png\" alt=\"\" class=\"wp-image-5841\" srcset=\"https:\/\/selectiva.estate\/wp-content\/uploads\/2022\/01\/2.png 545w, https:\/\/selectiva.estate\/wp-content\/uploads\/2022\/01\/2-300x234.png 300w\" sizes=\"auto, (max-width: 545px) 100vw, 545px\" \/><\/figure>\n\n\n\n<h4 class=\"wp-block-heading has-text-align-center has-light-color has-text-color\" id=\"arquitectura\">ARQUITECTURA<\/h4>\n\n\n\n<p class=\"has-text-align-center\">Un equipo din\u00e1mico con conocimiento y experiencia correspondientes a los requisitos de hoy y ma\u00f1ana<\/p>\n<\/div>\n\n\n\n<div class=\"wp-block-column has-light-color has-text-color has-background is-layout-flow wp-block-column-is-layout-flow\" style=\"background-color:#383838\">\n<figure class=\"wp-block-image size-full\"><img loading=\"lazy\" decoding=\"async\" width=\"545\" height=\"425\" src=\"https:\/\/selectiva.estate\/wp-content\/uploads\/2022\/01\/3.png\" alt=\"\" class=\"wp-image-5840\" srcset=\"https:\/\/selectiva.estate\/wp-content\/uploads\/2022\/01\/3.png 545w, https:\/\/selectiva.estate\/wp-content\/uploads\/2022\/01\/3-300x234.png 300w\" sizes=\"auto, (max-width: 545px) 100vw, 545px\" \/><\/figure>\n\n\n\n<h4 class=\"wp-block-heading has-text-align-center has-light-color has-text-color\" id=\"construccion\">CONSTRUCCI\u00d3N<\/h4>\n\n\n\n<p class=\"has-text-align-center\">De sue\u00f1os y visiones a la realidad, nos rodeamos exclusivamente de los mejores en sus respectivos campos<\/p>\n<\/div>\n<\/div>\n\n\n\n<div class=\"wp-block-columns square-services mobile-full-width is-layout-flex wp-container-core-columns-is-layout-9d6595d7 wp-block-columns-is-layout-flex\">\n<div class=\"wp-block-column has-light-color has-text-color has-background is-layout-flow wp-block-column-is-layout-flow\" style=\"background-color:#383838\">\n<figure class=\"wp-block-image size-full\"><img loading=\"lazy\" decoding=\"async\" width=\"545\" height=\"425\" src=\"https:\/\/selectiva.estate\/wp-content\/uploads\/2022\/01\/4.png\" alt=\"\" class=\"wp-image-5839\" srcset=\"https:\/\/selectiva.estate\/wp-content\/uploads\/2022\/01\/4.png 545w, https:\/\/selectiva.estate\/wp-content\/uploads\/2022\/01\/4-300x234.png 300w\" sizes=\"auto, (max-width: 545px) 100vw, 545px\" \/><\/figure>\n\n\n\n<h4 class=\"wp-block-heading has-text-align-center has-light-color has-text-color\" id=\"promocion\">PROMOCI\u00d3N<\/h4>\n\n\n\n<p class=\"has-text-align-center\">Para la promoci\u00f3n de nuestros proyectos utilizamos las \u00faltimas t\u00e9cnicas de marketing y comunicaci\u00f3n<\/p>\n<\/div>\n\n\n\n<div class=\"wp-block-column has-light-color has-text-color has-background is-layout-flow wp-block-column-is-layout-flow\" style=\"background-color:#383838\">\n<figure class=\"wp-block-image size-full\"><img loading=\"lazy\" decoding=\"async\" width=\"545\" height=\"425\" src=\"https:\/\/selectiva.estate\/wp-content\/uploads\/2022\/01\/5.png\" alt=\"\" class=\"wp-image-5838\" srcset=\"https:\/\/selectiva.estate\/wp-content\/uploads\/2022\/01\/5.png 545w, https:\/\/selectiva.estate\/wp-content\/uploads\/2022\/01\/5-300x234.png 300w\" sizes=\"auto, (max-width: 545px) 100vw, 545px\" \/><\/figure>\n\n\n\n<h4 class=\"wp-block-heading has-text-align-center has-light-color has-text-color\" id=\"venta\">VENTA<\/h4>\n\n\n\n<p class=\"has-text-align-center\">Trabajamos exclusivamente con agencias inmobiliarias especializadas y partners seleccionados dentro y fuera de Espa\u00f1a<\/p>\n<\/div>\n\n\n\n<div class=\"wp-block-column has-light-color has-text-color has-background is-layout-flow wp-block-column-is-layout-flow\" style=\"background-color:#383838\">\n<figure class=\"wp-block-image size-full\"><img loading=\"lazy\" decoding=\"async\" width=\"545\" height=\"425\" src=\"https:\/\/selectiva.estate\/wp-content\/uploads\/2022\/01\/6.png\" alt=\"\" class=\"wp-image-5837\" srcset=\"https:\/\/selectiva.estate\/wp-content\/uploads\/2022\/01\/6.png 545w, https:\/\/selectiva.estate\/wp-content\/uploads\/2022\/01\/6-300x234.png 300w\" sizes=\"auto, (max-width: 545px) 100vw, 545px\" \/><\/figure>\n\n\n\n<h4 class=\"wp-block-heading has-text-align-center has-light-color has-text-color\" id=\"compromiso\">COMPROMISO<\/h4>\n\n\n\n<p class=\"has-text-align-center\">Te acompa\u00f1aremos y te ayudaremos en cada uno de los pasos durante y despu\u00e9s del proceso de compra<\/p>\n<\/div>\n<\/div>\n<\/div>\n\n\n\n<div class=\"wp-block-media-text alignfull has-media-on-the-right is-stacked-on-mobile is-image-fill mobile-fixed-banner video-banner has-light-color has-text-color has-background\" style=\"background-color:#404644\"><div class=\"wp-block-media-text__content\">\n<div style=\"height:100px\" aria-hidden=\"true\" class=\"wp-block-spacer\"><\/div>\n\n\n\n<h2 class=\"wp-block-heading has-text-align-center\" id=\"servicios-de-calidad\">Servicios de calidad<\/h2>\n\n\n\n<h3 class=\"wp-block-heading has-text-align-center\" id=\"comprar-vender-o-invertir\">COMPRAR, VENDER O INVERTIR<\/h3>\n\n\n\n<figure class=\"wp-block-image aligncenter size-medium is-resized\"><img loading=\"lazy\" decoding=\"async\" src=\"https:\/\/selectiva.estate\/wp-content\/uploads\/2022\/01\/design-8b362c8d-fe34-487b-89ac-055501df142f-1-253x300.png\" alt=\"\" class=\"wp-image-5860\" width=\"127\" height=\"150\" srcset=\"https:\/\/selectiva.estate\/wp-content\/uploads\/2022\/01\/design-8b362c8d-fe34-487b-89ac-055501df142f-1-253x300.png 253w, https:\/\/selectiva.estate\/wp-content\/uploads\/2022\/01\/design-8b362c8d-fe34-487b-89ac-055501df142f-1.png 619w\" sizes=\"auto, (max-width: 127px) 100vw, 127px\" \/><\/figure>\n\n\n\n<h4 class=\"wp-block-heading has-text-align-center\" id=\"algun-proyecto-en-mente\">\u00bfALG\u00daN PROYECTO EN MENTE?<\/h4>\n\n\n\n<p class=\"has-text-align-center\" style=\"font-size:20px\">Selectiva Costa SL realiza proyectos de rehabilitaci\u00f3n y construcci\u00f3n por cuenta de sus clientes. Alineados con los requisitos de nuestros clientes, solo trabajamos con socios locales y eficientes.<\/p>\n\n\n\n<div class=\"wp-block-buttons is-horizontal is-content-justification-center is-layout-flex wp-container-core-buttons-is-layout-499968f5 wp-block-buttons-is-layout-flex\">\n<div class=\"wp-block-button is-style-outline is-style-outline--3\"><a class=\"wp-block-button__link no-border-radius wp-element-button\" href=\"https:\/\/selectiva.estate\/es\/contact\/\">Ver m\u00e1s<\/a><\/div>\n<\/div>\n\n\n\n<div style=\"height:100px\" aria-hidden=\"true\" class=\"wp-block-spacer\"><\/div>\n<\/div><figure class=\"wp-block-media-text__media\" style=\"background-image:url(https:\/\/selectiva.estate\/wp-content\/uploads\/2023\/06\/selectiva-1024x768.jpeg);background-position:50% 50%\"><img loading=\"lazy\" decoding=\"async\" width=\"1024\" height=\"768\" src=\"https:\/\/selectiva.estate\/wp-content\/uploads\/2023\/06\/selectiva-1024x768.jpeg\" alt=\"\" class=\"wp-image-15447 size-full\" srcset=\"https:\/\/selectiva.estate\/wp-content\/uploads\/2023\/06\/selectiva-1024x768.jpeg 1024w, https:\/\/selectiva.estate\/wp-content\/uploads\/2023\/06\/selectiva-300x225.jpeg 300w, https:\/\/selectiva.estate\/wp-content\/uploads\/2023\/06\/selectiva-768x576.jpeg 768w, https:\/\/selectiva.estate\/wp-content\/uploads\/2023\/06\/selectiva-1536x1152.jpeg 1536w, https:\/\/selectiva.estate\/wp-content\/uploads\/2023\/06\/selectiva.jpeg 1600w\" sizes=\"auto, (max-width: 1024px) 100vw, 1024px\" \/><\/figure><\/div>\n\n\n\n<div class=\"wp-block-group is-layout-constrained wp-container-core-group-is-layout-6b04494e wp-block-group-is-layout-constrained\">\n<div style=\"height:85px\" aria-hidden=\"true\" class=\"wp-block-spacer\"><\/div>\n\n\n\n<figure class=\"wp-block-image aligncenter size-full is-resized\"><img loading=\"lazy\" decoding=\"async\" src=\"https:\/\/selectiva.estate\/wp-content\/uploads\/2021\/12\/X6EjQte.png\" alt=\"\" class=\"wp-image-2428\" width=\"120\" height=\"143\"\/><\/figure>\n\n\n\n<p class=\"has-text-align-center small-padding\" style=\"font-size:22px\">\u00bfBuscas una propiedad de inversi\u00f3n, una compra rentable?<\/p>\n\n\n\n<p class=\"has-text-align-center small-padding\" style=\"font-size:22px\">\u00bfBuscas un lugar de vacaciones con m\u00e1s de 300 d\u00edas de sol al a\u00f1o?<\/p>\n\n\n\n<p class=\"has-text-align-center small-padding\" style=\"font-size:22px\">\u00bfBuscas una jubilaci\u00f3n c\u00f3moda y sin estr\u00e9s?<\/p>\n\n\n\n<p class=\"has-text-align-center\" style=\"font-size:22px\">\u00bfBuscas un nuevo lugar para vivir para ti o tu familia?<\/p>\n\n\n\n<p class=\"has-text-align-center\" style=\"font-size:22px\">No importa cu\u00e1les sean tus necesidades o motivaciones, daremos lo mejor de nosotros mismos para satisfacer tus expectativas y exigencias. Nuestros clientes son nuestros mejores embajadores, cuenta con nosotros para todo, te devolveremos la confianza depositada en nosotros.<\/p>\n<\/div>\n\n\n\n<div class=\"wp-block-group custom-section is-layout-flow wp-block-group-is-layout-flow\">\n<h2 class=\"wp-block-heading has-text-align-center\" id=\"nuestro-blog\">Nuestro Blog<\/h2>\n\n\n\n<h3 class=\"wp-block-heading has-text-align-center\" id=\"consejos\">Consejos<\/h3>\n\n\n    <div class=\"grid gap-5 lg:grid-cols-3\">\n        <a href=\"https:\/\/selectiva.estate\/es\/2022\/03\/02\/villa-silk-the-place-to-be\/\">\n    <div class=\"justify-between loop-blog-item\" >\n        <div class=\"mb-4 loop-blog-bg\" style=\"background-image: url('https:\/\/selectiva.estate\/wp-content\/uploads\/2022\/03\/2022-03-02-16.51.28.jpg');\">\n        <\/div>\n        <div class=\"flex flex-col justify-between mb-3 xl:flex-row loop-blog-top\" >\n            <span class=\"loop-blog-title text-secondary\" >Villa Silk, the place to be<\/span> <span class=\"loop-blog-date text-primary\" >02 de marzo de 2022<\/span>\n        <\/div>\n        <div class=\"loop-blog-desc\"><p>Disculpa, pero esta entrada est\u00e1 disponible s\u00f3lo en English. We are happy to introduce you to a very especial project; Villa Silk. A private luxury residential complex consisting of 13 unique villas where avant-garde design marks a turning point for lovers of good living. \u00bfWhy Silk? As if it were Silk, the exquisite care of [&hellip;]<\/p>\n<\/div>\n    <\/div>\n<\/a><a href=\"https:\/\/selectiva.estate\/es\/2022\/02\/21\/selectiva-real-estate-joins-the-cryptocurrencies-world\/\">\n    <div class=\"justify-between loop-blog-item\" >\n        <div class=\"mb-4 loop-blog-bg\" style=\"background-image: url('https:\/\/selectiva.estate\/wp-content\/uploads\/2022\/02\/BLOG_15_feb_selectiva_2.jpg');\">\n        <\/div>\n        <div class=\"flex flex-col justify-between mb-3 xl:flex-row loop-blog-top\" >\n            <span class=\"loop-blog-title text-secondary\" >Selectiva Real Estate joins the cryptocurrencies world<\/span> <span class=\"loop-blog-date text-primary\" >21 de febrero de 2022<\/span>\n        <\/div>\n        <div class=\"loop-blog-desc\"><p>Disculpa, pero esta entrada est\u00e1 disponible s\u00f3lo en English. At Selectiva Real Estate we like to be up to date with the latest trends related to the luxury real estate sector, in order to make our clients&#8217; experience as special as possible, in order to meet their expectations. That is why our team of collaborators [&hellip;]<\/p>\n<\/div>\n    <\/div>\n<\/a><a href=\"https:\/\/selectiva.estate\/es\/2022\/02\/17\/pacaso-the-new-way-to-buy-luxury-vacation-properties-at-the-best-price\/\">\n    <div class=\"justify-between loop-blog-item\" >\n        <div class=\"mb-4 loop-blog-bg\" style=\"background-image: url('https:\/\/selectiva.estate\/wp-content\/uploads\/2022\/02\/BLOG-pacaso.jpeg');\">\n        <\/div>\n        <div class=\"flex flex-col justify-between mb-3 xl:flex-row loop-blog-top\" >\n            <span class=\"loop-blog-title text-secondary\" >Pacaso, the new way to buy luxury vacation properties at the best price<\/span> <span class=\"loop-blog-date text-primary\" >17 de febrero de 2022<\/span>\n        <\/div>\n        <div class=\"loop-blog-desc\"><p>Disculpa, pero esta entrada est\u00e1 disponible s\u00f3lo en English. It is the real estate company specialized in the sale of luxury properties in co-ownership model. Pacaso starts its activity in Spain and operates on the Costa del Sol. After extensive investigations, Pacaso concluded that Spain has important destinations for luxury second homes. The climate, the [&hellip;]<\/p>\n<\/div>\n    <\/div>\n<\/a> \n    <\/div> \n\n\n\n\n<div style=\"height:65px\" aria-hidden=\"true\" class=\"wp-block-spacer\"><\/div>\n\n\n\n<div class=\"wp-block-buttons is-horizontal is-content-justification-center is-layout-flex wp-container-core-buttons-is-layout-499968f5 wp-block-buttons-is-layout-flex\">\n<div class=\"wp-block-button has-custom-width wp-block-button__width-25 is-style-outline is-style-outline--4\"><a class=\"wp-block-button__link has-primary-color has-text-color no-border-radius wp-element-button\" href=\"https:\/\/selectiva.estate\/es\/blog\/\">Ver m\u00e1s<\/a><\/div>\n<\/div>\n<\/div>\n\n\n\n<div class=\"wp-block-group custom-section is-layout-flow wp-block-group-is-layout-flow\">\n<h2 class=\"wp-block-heading has-text-align-center\" id=\"contactanos\">Cont\u00e1ctanos<\/h2>\n\n\n<div class=\"flex flex-col space-y-16 lg:space-y-px lg:space-x-16 lg:flex-row form-section-wrap\">\n    <div class=\"hidden lg:block\">\n        <iframe src=\"https:\/\/www.google.com\/maps\/embed?pb=!1m14!1m8!1m3!1d6415.442596571!2d-4.954103!3d36.488447!3m2!1i1024!2i768!4f13.1!3m3!1m2!1s0x0%3A0x7333b6f98d45d6d8!2sSelectiva%20Real%20Estate%20Puerto%20Banus%20-%20Immobilier%20Marbella!5e0!3m2!1sfr!2ses!4v1639425617807!5m2!1sfr!2ses\" width=\"400\" height=\"300\" style=\"border:0;\" allowfullscreen=\"\" loading=\"lazy\"><\/iframe>\n    <\/div>\n    <div class=\"flex\">\n        <div class=\"flex-1 xl:space-x-16 xl:flex\">\n            <div class=\"flex flex-col justify-between mb-10 space-y-5 md:space-y-px md:space-x-5 md:flex-row xl:space-x-px xl:space-y-5 xl:flex-col xl:mb-0\">\n                <div>\n                    <h3 style=\"margin-bottom: 5px;\">Direcci\u00f3n<\/h3>\n                    <p style=\"margin-bottom: 25px;\">Plaza Antonio Banderas - Local 2 - 29660 Marbella<\/p>\n                    <h3 style=\"margin-bottom: 5px;\">Horario<\/h3>\n                    <p style=\"margin-bottom: 0px;\">Lunes a Jueves: 10h - 18h<\/p>\n                    <p style=\"margin-bottom: 0px\">Viernes: 10h - 15h<\/p>\n                    <p>S\u00e1bado y domingo: Con cita previa<\/p>\n                <\/div>\n                <div class=\"flex flex-col justify-end flex-1 space-y-4 lg:space-y-5 text-primary\">\n                    <a id=\"phone-button\" class=\"border-2 btn border-primary\">Ver tel\u00e9fono<\/a>\n                    <a id=\"phone-button-hidden\" class=\"hidden border-2 border-primary btn\" style=\"max-width: 330px; background-color:#ffffff26;\" href=\"tel:+34648218131\">+34 648 21 81 31<\/a>\n                    <a href=\"mailto:info@selectiva.estate\" class=\"border-2 btn border-primary\">Enviar mail<\/a>\n                    <a href=\"https:\/\/g.page\/selectiva_real_estate?share\" class=\"border-2 btn border-primary\">Como llegar<\/a>\n                <\/div>\n            <\/div>\n            <div class=\"flex flex-1\">\n                \n<div class=\"wpcf7 no-js\" id=\"wpcf7-f2175-o2\" lang=\"en-US\" dir=\"ltr\" data-wpcf7-id=\"2175\">\n<div class=\"screen-reader-response\"><p role=\"status\" aria-live=\"polite\" aria-atomic=\"true\"><\/p> <ul><\/ul><\/div>\n<form action=\"\/es\/wp-json\/wp\/v2\/pages\/735#wpcf7-f2175-o2\" method=\"post\" class=\"wpcf7-form init\" aria-label=\"Contact form\" novalidate=\"novalidate\" data-status=\"init\">\n<fieldset class=\"hidden-fields-container\"><input type=\"hidden\" name=\"_wpcf7\" value=\"2175\" \/><input type=\"hidden\" name=\"_wpcf7_version\" value=\"6.1.5\" \/><input type=\"hidden\" name=\"_wpcf7_locale\" value=\"en_US\" \/><input type=\"hidden\" name=\"_wpcf7_unit_tag\" value=\"wpcf7-f2175-o2\" \/><input type=\"hidden\" name=\"_wpcf7_container_post\" value=\"0\" \/><input type=\"hidden\" name=\"_wpcf7_posted_data_hash\" value=\"\" \/><input type=\"hidden\" name=\"_wpcf7_recaptcha_response\" value=\"\" \/>\n<\/fieldset>\n<div class=\"bottom-form\">\n\t<div>\n\t\t<p><span class=\"wpcf7-form-control-wrap\" data-name=\"your-name\"><input size=\"40\" maxlength=\"400\" class=\"wpcf7-form-control wpcf7-text wpcf7-validates-as-required\" aria-required=\"true\" aria-invalid=\"false\" placeholder=\"Tu nombre\" value=\"\" type=\"text\" name=\"your-name\" \/><\/span>\n\t\t<\/p>\n\t<\/div>\n\t<div class=\"grid grid-cols-1 lg:grid-cols-2 gap-x-5\">\n\t\t<div>\n\t\t\t<p><span class=\"wpcf7-form-control-wrap\" data-name=\"your-email\"><input size=\"40\" maxlength=\"400\" class=\"wpcf7-form-control wpcf7-email wpcf7-validates-as-required wpcf7-text wpcf7-validates-as-email\" aria-required=\"true\" aria-invalid=\"false\" placeholder=\"Tu email\" value=\"\" type=\"email\" name=\"your-email\" \/><\/span>\n\t\t\t<\/p>\n\t\t<\/div>\n\t\t<div>\n\t\t\t<p><span class=\"wpcf7-form-control-wrap\" data-name=\"your-phone\"><input size=\"40\" maxlength=\"400\" class=\"wpcf7-form-control wpcf7-text wpcf7-validates-as-required\" aria-required=\"true\" aria-invalid=\"false\" placeholder=\"Tu tel\u00e9fono\" value=\"\" type=\"text\" name=\"your-phone\" \/><\/span>\n\t\t\t<\/p>\n\t\t<\/div>\n\t<\/div>\n\t<div>\n\t\t<p><span class=\"wpcf7-form-control-wrap\" data-name=\"your-message\"><textarea cols=\"40\" rows=\"7\" maxlength=\"2000\" class=\"wpcf7-form-control wpcf7-textarea\" aria-invalid=\"false\" placeholder=\"Tu mensaje (opcional)\" name=\"your-message\"><\/textarea><\/span>\n\t\t<\/p>\n\t<\/div>\n\t<div class=\"flex flex-col 2xl:flex-row lg:justify-between\">\n\t\t<div class=\"my-5 mr-0 md:mr-3 md:mt-0 order-2 md:order-none lg:mb-0\">\n\t\t\t<p>Responsable: Selectiva.Real.Estate Finalidad: Responder a las solicitudes de los usuarios. Derechos: Acceso, rectificaci\u00f3n, supresi\u00f3n y dem\u00e1s derechos c\u00f3mo se explica en la informaci\u00f3n adicional.\n\t\t\t<\/p>\n\t\t<\/div>\n\t\t<div>\n\t\t\t<p><input class=\"wpcf7-form-control wpcf7-submit has-spinner btn btn-primary\" type=\"submit\" value=\"Enviar\" \/>\n\t\t\t<\/p>\n\t\t<\/div>\n\t<\/div>\n<\/div><div class=\"wpcf7-response-output\" aria-hidden=\"true\"><\/div>\n<\/form>\n<\/div>\n                <div class=\"flex flex-col items-center justify-center pt-6 pb-40 pl-6 space-y-5 lg:pb-16\">\n                    <a class=\"icon-primary\" href=\"https:\/\/www.instagram.com\/selectiva.real.estate\/\"><svg width=\"24\" height=\"24\" xmlns=\"http:\/\/www.w3.org\/2000\/svg\" aria-hidden=\"true\"><path d=\"M12 4.62c2.4 0 2.69.01 3.64.05.87.04 1.35.2 1.67.31.42.17.72.36 1.03.68.32.31.51.61.68 1.03.12.32.27.8.3 1.67.05.95.06 1.24.06 3.64s-.01 2.69-.05 3.64a4.99 4.99 0 0 1-.31 1.67c-.17.42-.36.72-.68 1.03-.31.32-.61.51-1.03.68-.32.12-.8.27-1.67.3-.95.05-1.24.06-3.64.06s-2.69-.01-3.64-.05a4.99 4.99 0 0 1-1.67-.31 2.79 2.79 0 0 1-1.03-.68 2.79 2.79 0 0 1-.68-1.03c-.12-.32-.27-.8-.3-1.67-.05-.95-.06-1.24-.06-3.64s.01-2.69.05-3.64c.04-.87.2-1.35.31-1.67.17-.42.36-.72.68-1.03.31-.32.61-.51 1.03-.68.32-.12.8-.27 1.67-.3.95-.05 1.24-.06 3.64-.06M12 3c-2.44 0-2.75.01-3.71.05-.96.05-1.61.2-2.18.42-.6.23-1.1.54-1.6 1.04s-.8 1-1.04 1.6a6.6 6.6 0 0 0-.42 2.18C3.01 9.25 3 9.56 3 12s.01 2.75.05 3.71c.05.96.2 1.61.42 2.19.23.59.54 1.09 1.04 1.59s1 .8 1.6 1.04a6.6 6.6 0 0 0 2.18.42c.96.04 1.27.05 3.71.05s2.75-.01 3.71-.05c.96-.05 1.61-.2 2.19-.42.59-.23 1.09-.54 1.59-1.04s.8-1 1.04-1.6a6.6 6.6 0 0 0 .42-2.18c.04-.96.05-1.27.05-3.71s-.01-2.75-.05-3.71a6.63 6.63 0 0 0-.42-2.19c-.23-.59-.54-1.09-1.04-1.59s-1-.8-1.6-1.04a6.6 6.6 0 0 0-2.18-.42C14.75 3.01 14.44 3 12 3zm0 4.38a4.62 4.62 0 1 0 0 9.24 4.62 4.62 0 0 0 0-9.24zM12 15a3 3 0 1 1 0-6 3 3 0 0 1 0 6zm4.8-8.88a1.08 1.08 0 1 0 0 2.16 1.08 1.08 0 0 0 0-2.16z\"\/><\/svg><\/a>\n                    <a class=\"icon-primary\" href=\"https:\/\/www.facebook.com\/selectiva.real.estate\"><svg width=\"24\" height=\"24\" xmlns=\"http:\/\/www.w3.org\/2000\/svg\" aria-hidden=\"true\"><path d=\"M12 2C6.5 2 2 6.5 2 12c0 5 3.7 9.1 8.4 9.9v-7H7.9V12h2.5V9.8c0-2.5 1.5-3.9 3.8-3.9 1.1 0 2.2.2 2.2.2v2.5h-1.3c-1.2 0-1.6.8-1.6 1.6V12h2.8l-.4 2.9h-2.3v7C18.3 21.1 22 17 22 12c0-5.5-4.5-10-10-10z\"\/><\/svg><\/a>\n                    <a class=\"icon-primary\" href=\"https:\/\/www.linkedin.com\/company\/selectiva-estate\/\"><svg width=\"24\" height=\"24\" xmlns=\"http:\/\/www.w3.org\/2000\/svg\" aria-hidden=\"true\"><path d=\"M19.7 3H4.3C3.58 3 3 3.58 3 4.3v15.4c0 .72.58 1.3 1.3 1.3h15.4c.72 0 1.3-.58 1.3-1.3V4.3c0-.72-.58-1.3-1.3-1.3zM8.34 18.34H5.67v-8.6h2.67v8.6zM7 8.57a1.55 1.55 0 1 1 0-3.1 1.55 1.55 0 0 1 0 3.1zm11.34 9.77h-2.67v-4.18c0-1-.02-2.28-1.39-2.28-1.39 0-1.6 1.09-1.6 2.2v4.26h-2.67v-8.6h2.56v1.18h.04a2.8 2.8 0 0 1 2.53-1.38c2.7 0 3.2 1.77 3.2 4.09v4.7z\"\/><\/svg><\/a>\n                    <a class=\"icon-primary\" href=\"https:\/\/www.youtube.com\/channel\/UCRs7GuKFDmlu5tDRWFc2_FQ\"><svg width=\"24\" height=\"24\" xmlns=\"http:\/\/www.w3.org\/2000\/svg\" aria-hidden=\"true\"><path d=\"M21.8 8s-.2-1.38-.8-1.98c-.76-.8-1.6-.8-2-.85-2.8-.2-7-.2-7-.2s-4.2 0-7 .2c-.4.05-1.24.05-2 .85-.6.6-.8 1.98-.8 1.98S2 9.62 2 11.24v1.51c0 1.62.2 3.24.2 3.24s.2 1.38.8 1.99c.76.8 1.76.77 2.2.85 1.6.16 6.8.2 6.8.2s4.2 0 7-.2c.4-.05 1.24-.06 2-.85.6-.61.8-1.99.8-1.99s.2-1.62.2-3.23v-1.52C22 9.62 21.8 8 21.8 8zM9.93 14.6V8.96l5.4 2.82-5.4 2.8z\"\/><\/svg><\/a>\n                <\/div>\n            <\/div>\n        <\/div>\n        \n    <\/div>\n<\/div>\n<\/div>","protected":false},"excerpt":{"rendered":"<p>Promociones Empezando con una idea, imaginando un hogar que combine la uni\u00f3n familiar con calidades premium, implementando las \u00faltimas innovaciones para construir tu nueva propiedad, Selectiva Costa te proporcionar\u00e1 todo el apoyo que necesitas durante cada una de las fases de tus proyectos inmobiliarios personales o profesionales. Servicios \u00c1REA DE PROMOTORA COMPRA Adquirimos las parcelas [&hellip;]<\/p>\n","protected":false},"author":1,"featured_media":15785,"parent":0,"menu_order":11,"comment_status":"open","ping_status":"closed","template":"","meta":{"_acf_changed":false,"footnotes":""},"class_list":["post-735","page","type-page","status-publish","has-post-thumbnail","hentry"],"acf":[],"_links":{"self":[{"href":"https:\/\/selectiva.estate\/es\/wp-json\/wp\/v2\/pages\/735","targetHints":{"allow":["GET"]}}],"collection":[{"href":"https:\/\/selectiva.estate\/es\/wp-json\/wp\/v2\/pages"}],"about":[{"href":"https:\/\/selectiva.estate\/es\/wp-json\/wp\/v2\/types\/page"}],"author":[{"embeddable":true,"href":"https:\/\/selectiva.estate\/es\/wp-json\/wp\/v2\/users\/1"}],"replies":[{"embeddable":true,"href":"https:\/\/selectiva.estate\/es\/wp-json\/wp\/v2\/comments?post=735"}],"version-history":[{"count":0,"href":"https:\/\/selectiva.estate\/es\/wp-json\/wp\/v2\/pages\/735\/revisions"}],"wp:featuredmedia":[{"embeddable":true,"href":"https:\/\/selectiva.estate\/es\/wp-json\/wp\/v2\/media\/15785"}],"wp:attachment":[{"href":"https:\/\/selectiva.estate\/es\/wp-json\/wp\/v2\/media?parent=735"}],"curies":[{"name":"wp","href":"https:\/\/api.w.org\/{rel}","templated":true}]}}